{"id":7,"date":"2025-11-04T23:19:00","date_gmt":"2025-11-04T23:19:00","guid":{"rendered":"https:\/\/miguelestima.pt\/"},"modified":"2025-11-05T00:59:38","modified_gmt":"2025-11-05T00:59:38","slug":"7-2","status":"publish","type":"page","link":"https:\/\/miguelestima.pt\/","title":{"rendered":".::HOME::."},"content":{"rendered":"\t\t<div data-elementor-type=\"wp-post\" data-elementor-id=\"7\" class=\"elementor elementor-7\">\n\t\t\t\t<div class=\"elementor-element elementor-element-345d766 e-flex e-con-boxed e-con e-parent\" data-id=\"345d766\" data-element_type=\"container\">\n\t\t\t\t\t<div class=\"e-con-inner\">\n\t\t\t\t<div class=\"elementor-element elementor-element-5bf8b16 elementor-widget elementor-widget-heading\" data-id=\"5bf8b16\" data-element_type=\"widget\" data-widget_type=\"heading.default\">\n\t\t\t\t\t<h1 class=\"elementor-heading-title elementor-size-default\">SITE EM CONSTRU\u00c7\u00c3O<\/h1>\t\t\t\t<\/div>\n\t\t\t\t\t<\/div>\n\t\t\t\t<\/div>\n\t\t<div class=\"elementor-element elementor-element-9281ed5 e-flex e-con-boxed e-con e-parent\" data-id=\"9281ed5\" data-element_type=\"container\">\n\t\t\t\t\t<div class=\"e-con-inner\">\n\t\t\t\t<div class=\"elementor-element elementor-element-dfb24ce elementor-widget elementor-widget-image\" data-id=\"dfb24ce\" data-element_type=\"widget\" data-widget_type=\"image.default\">\n\t\t\t\t\t\t\t\t\t\t\t\t\t\t\t<img fetchpriority=\"high\" decoding=\"async\" width=\"2048\" height=\"1365\" src=\"https:\/\/miguelestima.pt\/wp-content\/uploads\/2025\/11\/384105809_821625019967075_3811393372010891720_n-1.jpg\" class=\"attachment-full size-full wp-image-22\" alt=\"Miguel Estima. Artista multidisciplinar de videomaping. Criador de varias instala\u00e7\u00f5es art\u00edsticas que fundem o videomapping com a identidade comunit\u00e1ria.\" srcset=\"https:\/\/miguelestima.pt\/wp-content\/uploads\/2025\/11\/384105809_821625019967075_3811393372010891720_n-1.jpg 2048w, https:\/\/miguelestima.pt\/wp-content\/uploads\/2025\/11\/384105809_821625019967075_3811393372010891720_n-1-300x200.jpg 300w, https:\/\/miguelestima.pt\/wp-content\/uploads\/2025\/11\/384105809_821625019967075_3811393372010891720_n-1-1024x683.jpg 1024w, https:\/\/miguelestima.pt\/wp-content\/uploads\/2025\/11\/384105809_821625019967075_3811393372010891720_n-1-768x512.jpg 768w, https:\/\/miguelestima.pt\/wp-content\/uploads\/2025\/11\/384105809_821625019967075_3811393372010891720_n-1-1536x1024.jpg 1536w\" sizes=\"(max-width: 2048px) 100vw, 2048px\" \/>\t\t\t\t\t\t\t\t\t\t\t\t\t\t\t<\/div>\n\t\t\t\t\t<\/div>\n\t\t\t\t<\/div>\n\t\t<div class=\"elementor-element elementor-element-03f3449 e-flex e-con-boxed e-con e-parent\" data-id=\"03f3449\" data-element_type=\"container\">\n\t\t\t\t\t<div class=\"e-con-inner\">\n\t\t\t\t<div class=\"elementor-element elementor-element-5adb9dc elementor-widget elementor-widget-image\" data-id=\"5adb9dc\" data-element_type=\"widget\" data-widget_type=\"image.default\">\n\t\t\t\t\t\t\t\t\t\t\t\t\t\t\t<img decoding=\"async\" width=\"2560\" height=\"1708\" src=\"https:\/\/miguelestima.pt\/wp-content\/uploads\/2025\/11\/I9DR9776-25A-BMOLB-scaled.jpg\" class=\"attachment-full size-full wp-image-10\" alt=\"Miguel Estima. Artista multidisciplinar de videomaping. Criador de varias instala\u00e7\u00f5es art\u00edsticas que fundem o videomapping com a identidade comunit\u00e1ria.\" srcset=\"https:\/\/miguelestima.pt\/wp-content\/uploads\/2025\/11\/I9DR9776-25A-BMOLB-scaled.jpg 2560w, https:\/\/miguelestima.pt\/wp-content\/uploads\/2025\/11\/I9DR9776-25A-BMOLB-300x200.jpg 300w, https:\/\/miguelestima.pt\/wp-content\/uploads\/2025\/11\/I9DR9776-25A-BMOLB-1024x683.jpg 1024w, https:\/\/miguelestima.pt\/wp-content\/uploads\/2025\/11\/I9DR9776-25A-BMOLB-768x512.jpg 768w, https:\/\/miguelestima.pt\/wp-content\/uploads\/2025\/11\/I9DR9776-25A-BMOLB-1536x1025.jpg 1536w, https:\/\/miguelestima.pt\/wp-content\/uploads\/2025\/11\/I9DR9776-25A-BMOLB-2048x1366.jpg 2048w\" sizes=\"(max-width: 2560px) 100vw, 2560px\" \/>\t\t\t\t\t\t\t\t\t\t\t\t\t\t\t<\/div>\n\t\t\t\t\t<\/div>\n\t\t\t\t<\/div>\n\t\t<div class=\"elementor-element elementor-element-539b7c2 e-flex e-con-boxed e-con e-parent\" data-id=\"539b7c2\" data-element_type=\"container\">\n\t\t\t\t\t<div class=\"e-con-inner\">\n\t\t\t\t<div class=\"elementor-element elementor-element-899db49 elementor-widget elementor-widget-image\" data-id=\"899db49\" data-element_type=\"widget\" data-widget_type=\"image.default\">\n\t\t\t\t\t\t\t\t\t\t\t\t\t\t\t<img decoding=\"async\" width=\"2560\" height=\"1707\" src=\"https:\/\/miguelestima.pt\/wp-content\/uploads\/2025\/11\/PEST4748-scaled.jpg\" class=\"attachment-full size-full wp-image-23\" alt=\"Miguel Estima. Artista multidisciplinar de videomaping. Criador de varias instala\u00e7\u00f5es art\u00edsticas que fundem o videomapping com a identidade comunit\u00e1ria.\" srcset=\"https:\/\/miguelestima.pt\/wp-content\/uploads\/2025\/11\/PEST4748-scaled.jpg 2560w, https:\/\/miguelestima.pt\/wp-content\/uploads\/2025\/11\/PEST4748-300x200.jpg 300w, https:\/\/miguelestima.pt\/wp-content\/uploads\/2025\/11\/PEST4748-1024x683.jpg 1024w, https:\/\/miguelestima.pt\/wp-content\/uploads\/2025\/11\/PEST4748-768x512.jpg 768w, https:\/\/miguelestima.pt\/wp-content\/uploads\/2025\/11\/PEST4748-1536x1024.jpg 1536w, https:\/\/miguelestima.pt\/wp-content\/uploads\/2025\/11\/PEST4748-2048x1365.jpg 2048w\" sizes=\"(max-width: 2560px) 100vw, 2560px\" \/>\t\t\t\t\t\t\t\t\t\t\t\t\t\t\t<\/div>\n\t\t\t\t\t<\/div>\n\t\t\t\t<\/div>\n\t\t<div class=\"elementor-element elementor-element-505b834 e-flex e-con-boxed e-con e-parent\" data-id=\"505b834\" data-element_type=\"container\">\n\t\t\t\t\t<div class=\"e-con-inner\">\n\t\t\t\t<div class=\"elementor-element elementor-element-a9657b9 elementor-widget elementor-widget-image\" data-id=\"a9657b9\" data-element_type=\"widget\" data-widget_type=\"image.default\">\n\t\t\t\t\t\t\t\t\t\t\t\t\t\t\t<img loading=\"lazy\" decoding=\"async\" width=\"2048\" height=\"1536\" src=\"https:\/\/miguelestima.pt\/wp-content\/uploads\/2025\/11\/IMG_7631.jpg\" class=\"attachment-full size-full wp-image-52\" alt=\"Miguel Estima. Artista multidisciplinar de videomaping. Criador de varias instala\u00e7\u00f5es art\u00edsticas que fundem o videomapping com a identidade comunit\u00e1ria.\" srcset=\"https:\/\/miguelestima.pt\/wp-content\/uploads\/2025\/11\/IMG_7631.jpg 2048w, https:\/\/miguelestima.pt\/wp-content\/uploads\/2025\/11\/IMG_7631-300x225.jpg 300w, https:\/\/miguelestima.pt\/wp-content\/uploads\/2025\/11\/IMG_7631-1024x768.jpg 1024w, https:\/\/miguelestima.pt\/wp-content\/uploads\/2025\/11\/IMG_7631-768x576.jpg 768w, https:\/\/miguelestima.pt\/wp-content\/uploads\/2025\/11\/IMG_7631-1536x1152.jpg 1536w\" sizes=\"(max-width: 2048px) 100vw, 2048px\" \/>\t\t\t\t\t\t\t\t\t\t\t\t\t\t\t<\/div>\n\t\t\t\t\t<\/div>\n\t\t\t\t<\/div>\n\t\t<div class=\"elementor-element elementor-element-dcc126a e-flex e-con-boxed e-con e-parent\" data-id=\"dcc126a\" data-element_type=\"container\">\n\t\t\t\t\t<div class=\"e-con-inner\">\n\t\t\t\t<div class=\"elementor-element elementor-element-f2262a1 elementor-position-right elementor-vertical-align-middle elementor-widget elementor-widget-image-box\" data-id=\"f2262a1\" data-element_type=\"widget\" data-widget_type=\"image-box.default\">\n\t\t\t\t\t<div class=\"elementor-image-box-wrapper\"><figure class=\"elementor-image-box-img\"><img loading=\"lazy\" decoding=\"async\" width=\"1707\" height=\"2560\" src=\"https:\/\/miguelestima.pt\/wp-content\/uploads\/2025\/11\/Miguel-Estima-Videomapping-scaled.jpg\" class=\"attachment-full size-full wp-image-59\" alt=\"Miguel Estima. Artista multidisciplinar de videomaping. Criador de varias instala\u00e7\u00f5es art\u00edsticas que fundem o videomapping com a identidade comunit\u00e1ria.\" srcset=\"https:\/\/miguelestima.pt\/wp-content\/uploads\/2025\/11\/Miguel-Estima-Videomapping-scaled.jpg 1707w, https:\/\/miguelestima.pt\/wp-content\/uploads\/2025\/11\/Miguel-Estima-Videomapping-200x300.jpg 200w, https:\/\/miguelestima.pt\/wp-content\/uploads\/2025\/11\/Miguel-Estima-Videomapping-683x1024.jpg 683w, https:\/\/miguelestima.pt\/wp-content\/uploads\/2025\/11\/Miguel-Estima-Videomapping-768x1152.jpg 768w, https:\/\/miguelestima.pt\/wp-content\/uploads\/2025\/11\/Miguel-Estima-Videomapping-1024x1536.jpg 1024w, https:\/\/miguelestima.pt\/wp-content\/uploads\/2025\/11\/Miguel-Estima-Videomapping-1365x2048.jpg 1365w\" sizes=\"(max-width: 1707px) 100vw, 1707px\" \/><\/figure><div class=\"elementor-image-box-content\"><h3 class=\"elementor-image-box-title\">Biografia<\/h3><p class=\"elementor-image-box-description\">Miguel Estima, artista multidisciplinar, iniciou o percurso art\u00edstico na m\u00fasica aos 7 anos no Calouste Gulbenkian de Aveiro. Formou-se em institui\u00e7\u00f5es como a Escola de Artes da Bairrada, a Escola Profissional de M\u00fasica de Espinho e a Universidade de Aveiro. Participou em eventos de colabora\u00e7\u00e3o internacional, como a BYSIOC 2008 (Inglaterra), o Mime Fest 2019 (Rep\u00fablica Checa) e o projeto de Erasmus+ \"Music For Chameleons\" (Alemanha, It\u00e1lia e Portugal). Tendo ainda atuado em Fran\u00e7a, Espanha, Dubai, Cro\u00e1cia e Bahrain. Frequentou o XIII\u00ba Curso de Animadores Musicais da Casa da M\u00fasica.\nColabora com associa\u00e7\u00f5es culturais, incluindo Wetumtum, Albergar-te, ATASA (Festival Tradidan\u00e7as) e d'Orfeu. \u00c9 membro dos projetos Mimo's Dixie Band e Crassh. Desde 2021, dirige o Conservat\u00f3rio Artes e Comunica\u00e7\u00e3o FUOB, onde criou o projeto comunit\u00e1rio \"C\u00e9rtima Orquestra\". Nos \u00faltimos anos tem vindo a colaborar com projetos de cariz cultural e comunit\u00e1rio como o Arraial do Migrante, Orquestra (In)Quieta, Orquestra ProximIdade, Coro Mem\u00f3ria, Mimo\u00b4s Orchestral Experience e Canto a Vozes, sempre integrado num coletivo de artistas com larga experi\u00eancia em projetos art\u00edsticos para a comunidade. \n\u00c9 co-criador dos espet\u00e1culo Guarda-Tempos, Lampyris Bike e do projeto \"Places Are Made by People\" que integrou o projeto intermunicipal Cultura Entre Pontes. \nDesde 2016 explora a produ\u00e7\u00e3o de v\u00eddeo e, ap\u00f3s vencer a 2\u00aa edi\u00e7\u00e3o da School of Videomapping do festival PRISMA em Aveiro, dedica-se a criar instala\u00e7\u00f5es de videomapping. Desde ent\u00e3o j\u00e1 colaborou com a Univ. de Aveiro e com os munic\u00edpios de Anadia, Oliveira do Bairro, Estarreja, Condeixa-a-Nova, Vila Pouca de Aguiar, Pinhel, Oliveira de Azem\u00e9is e Aveiro, sempre com o objetivo de criar em m\u00faltiplos contextos. \n\u00c9 diretor art\u00edstico da Stella Oriens, uma instala\u00e7\u00e3o imersiva inspirada na Estrela do Oriente e que conta com proje\u00e7\u00e3o de v\u00eddeo, laser, ilumina\u00e7\u00e3o e som surround 7.1 dedicada ao Natal. Foi o criador da EN|TRE que uniu videomapping, ballet, atores e poetas locais na comemora\u00e7\u00e3o dos 25 anos da Biblioteca Municipal de Oliveira do Bairro.<\/p><\/div><\/div>\t\t\t\t<\/div>\n\t\t\t\t\t<\/div>\n\t\t\t\t<\/div>\n\t\t<div class=\"elementor-element elementor-element-f77b209 e-flex e-con-boxed e-con e-parent\" data-id=\"f77b209\" data-element_type=\"container\">\n\t\t\t\t\t<div class=\"e-con-inner\">\n\t\t\t\t<div class=\"elementor-element elementor-element-0a2bde8 elementor-widget-divider--view-line elementor-widget elementor-widget-divider\" data-id=\"0a2bde8\" data-element_type=\"widget\" data-widget_type=\"divider.default\">\n\t\t\t\t\t\t\t<div class=\"elementor-divider\">\n\t\t\t<span class=\"elementor-divider-separator\">\n\t\t\t\t\t\t<\/span>\n\t\t<\/div>\n\t\t\t\t\t\t<\/div>\n\t\t\t\t\t<\/div>\n\t\t\t\t<\/div>\n\t\t<div class=\"elementor-element elementor-element-af1f41c e-flex e-con-boxed e-con e-parent\" data-id=\"af1f41c\" data-element_type=\"container\">\n\t\t\t\t\t<div class=\"e-con-inner\">\n\t\t\t\t<div class=\"elementor-element elementor-element-ba7de73 elementor-widget elementor-widget-heading\" data-id=\"ba7de73\" data-element_type=\"widget\" data-widget_type=\"heading.default\">\n\t\t\t\t\t<h2 class=\"elementor-heading-title elementor-size-default\">contactos<\/h2>\t\t\t\t<\/div>\n\t\t\t\t<div class=\"elementor-element elementor-element-92cff9c elementor-widget elementor-widget-text-editor\" data-id=\"92cff9c\" data-element_type=\"widget\" data-widget_type=\"text-editor.default\">\n\t\t\t\t\t\t\t\t\t<p><strong>miguelestima15@gmail.com<\/strong><\/p>\t\t\t\t\t\t\t\t<\/div>\n\t\t\t\t\t<\/div>\n\t\t\t\t<\/div>\n\t\t\t\t<\/div>\n\t\t","protected":false},"excerpt":{"rendered":"<p>SITE EM CONSTRU\u00c7\u00c3O Biografia Miguel Estima, artista multidisciplinar, iniciou o percurso art\u00edstico na m\u00fasica aos 7 anos no Calouste Gulbenkian de Aveiro. Formou-se em institui\u00e7\u00f5es como a Escola de Artes da Bairrada, a Escola Profissional de M\u00fasica de Espinho e a Universidade de Aveiro. Participou em eventos de colabora\u00e7\u00e3o internacional, como a BYSIOC 2008 (Inglaterra), [&hellip;]<\/p>\n","protected":false},"author":1,"featured_media":0,"parent":0,"menu_order":0,"comment_status":"closed","ping_status":"closed","template":"","meta":{"footnotes":""},"class_list":["post-7","page","type-page","status-publish"],"yoast_head":"<!-- This site is optimized with the Yoast SEO plugin v26.3 - https:\/\/yoast.com\/wordpress\/plugins\/seo\/ -->\n<title>.::HOME::. - Miguel Estima | Videomaping<\/title>\n<meta name=\"description\" content=\"Artista multidisciplinar de videomaping. Criador de varias instala\u00e7\u00f5es art\u00edsticas que fundem o videomapping com a identidade comunit\u00e1ria.\" \/>\n<meta name=\"robots\" content=\"index, follow, max-snippet:-1, max-image-preview:large, max-video-preview:-1\" \/>\n<link rel=\"canonical\" href=\"https:\/\/miguelestima.pt\/\" \/>\n<meta property=\"og:locale\" content=\"pt_PT\" \/>\n<meta property=\"og:type\" content=\"article\" \/>\n<meta property=\"og:title\" content=\".::HOME::. - Miguel Estima | Videomaping\" \/>\n<meta property=\"og:description\" content=\"Artista multidisciplinar de videomaping. Criador de varias instala\u00e7\u00f5es art\u00edsticas que fundem o videomapping com a identidade comunit\u00e1ria.\" \/>\n<meta property=\"og:url\" content=\"https:\/\/miguelestima.pt\/\" \/>\n<meta property=\"og:site_name\" content=\"Miguel Estima | Videomaping\" \/>\n<meta property=\"article:modified_time\" content=\"2025-11-05T00:59:38+00:00\" \/>\n<meta property=\"og:image\" content=\"https:\/\/miguelestima.pt\/wp-content\/uploads\/2025\/11\/384105809_821625019967075_3811393372010891720_n-1.jpg\" \/>\n\t<meta property=\"og:image:width\" content=\"2048\" \/>\n\t<meta property=\"og:image:height\" content=\"1365\" \/>\n\t<meta property=\"og:image:type\" content=\"image\/jpeg\" \/>\n<meta name=\"twitter:card\" content=\"summary_large_image\" \/>\n<meta name=\"twitter:label1\" content=\"Tempo estimado de leitura\" \/>\n\t<meta name=\"twitter:data1\" content=\"2 minutos\" \/>\n<script type=\"application\/ld+json\" class=\"yoast-schema-graph\">{\"@context\":\"https:\/\/schema.org\",\"@graph\":[{\"@type\":\"WebPage\",\"@id\":\"https:\/\/miguelestima.pt\/\",\"url\":\"https:\/\/miguelestima.pt\/\",\"name\":\".::HOME::. - Miguel Estima | Videomaping\",\"isPartOf\":{\"@id\":\"https:\/\/miguelestima.pt\/#website\"},\"primaryImageOfPage\":{\"@id\":\"https:\/\/miguelestima.pt\/#primaryimage\"},\"image\":{\"@id\":\"https:\/\/miguelestima.pt\/#primaryimage\"},\"thumbnailUrl\":\"https:\/\/miguelestima.pt\/wp-content\/uploads\/2025\/11\/384105809_821625019967075_3811393372010891720_n-1.jpg\",\"datePublished\":\"2025-11-04T23:19:00+00:00\",\"dateModified\":\"2025-11-05T00:59:38+00:00\",\"description\":\"Artista multidisciplinar de videomaping. Criador de varias instala\u00e7\u00f5es art\u00edsticas que fundem o videomapping com a identidade comunit\u00e1ria.\",\"breadcrumb\":{\"@id\":\"https:\/\/miguelestima.pt\/#breadcrumb\"},\"inLanguage\":\"pt-PT\",\"potentialAction\":[{\"@type\":\"ReadAction\",\"target\":[\"https:\/\/miguelestima.pt\/\"]}]},{\"@type\":\"ImageObject\",\"inLanguage\":\"pt-PT\",\"@id\":\"https:\/\/miguelestima.pt\/#primaryimage\",\"url\":\"https:\/\/miguelestima.pt\/wp-content\/uploads\/2025\/11\/384105809_821625019967075_3811393372010891720_n-1.jpg\",\"contentUrl\":\"https:\/\/miguelestima.pt\/wp-content\/uploads\/2025\/11\/384105809_821625019967075_3811393372010891720_n-1.jpg\",\"width\":2048,\"height\":1365,\"caption\":\"Miguel Estima. Artista multidisciplinar de videomaping. Criador de varias instala\u00e7\u00f5es art\u00edsticas que fundem o videomapping com a identidade comunit\u00e1ria.\"},{\"@type\":\"BreadcrumbList\",\"@id\":\"https:\/\/miguelestima.pt\/#breadcrumb\",\"itemListElement\":[{\"@type\":\"ListItem\",\"position\":1,\"name\":\"In\u00edcio\",\"item\":\"https:\/\/miguelestima.pt\/\"},{\"@type\":\"ListItem\",\"position\":2,\"name\":\".::HOME::.\"}]},{\"@type\":\"WebSite\",\"@id\":\"https:\/\/miguelestima.pt\/#website\",\"url\":\"https:\/\/miguelestima.pt\/\",\"name\":\"Miguel Estima | Videomaping\",\"description\":\"Instala\u00e7\u00f5es art\u00edsticas. \",\"potentialAction\":[{\"@type\":\"SearchAction\",\"target\":{\"@type\":\"EntryPoint\",\"urlTemplate\":\"https:\/\/miguelestima.pt\/?s={search_term_string}\"},\"query-input\":{\"@type\":\"PropertyValueSpecification\",\"valueRequired\":true,\"valueName\":\"search_term_string\"}}],\"inLanguage\":\"pt-PT\"}]}<\/script>\n<!-- \/ Yoast SEO plugin. -->","yoast_head_json":{"title":".::HOME::. - Miguel Estima | Videomaping","description":"Artista multidisciplinar de videomaping. Criador de varias instala\u00e7\u00f5es art\u00edsticas que fundem o videomapping com a identidade comunit\u00e1ria.","robots":{"index":"index","follow":"follow","max-snippet":"max-snippet:-1","max-image-preview":"max-image-preview:large","max-video-preview":"max-video-preview:-1"},"canonical":"https:\/\/miguelestima.pt\/","og_locale":"pt_PT","og_type":"article","og_title":".::HOME::. - Miguel Estima | Videomaping","og_description":"Artista multidisciplinar de videomaping. Criador de varias instala\u00e7\u00f5es art\u00edsticas que fundem o videomapping com a identidade comunit\u00e1ria.","og_url":"https:\/\/miguelestima.pt\/","og_site_name":"Miguel Estima | Videomaping","article_modified_time":"2025-11-05T00:59:38+00:00","og_image":[{"width":2048,"height":1365,"url":"https:\/\/miguelestima.pt\/wp-content\/uploads\/2025\/11\/384105809_821625019967075_3811393372010891720_n-1.jpg","type":"image\/jpeg"}],"twitter_card":"summary_large_image","twitter_misc":{"Tempo estimado de leitura":"2 minutos"},"schema":{"@context":"https:\/\/schema.org","@graph":[{"@type":"WebPage","@id":"https:\/\/miguelestima.pt\/","url":"https:\/\/miguelestima.pt\/","name":".::HOME::. - Miguel Estima | Videomaping","isPartOf":{"@id":"https:\/\/miguelestima.pt\/#website"},"primaryImageOfPage":{"@id":"https:\/\/miguelestima.pt\/#primaryimage"},"image":{"@id":"https:\/\/miguelestima.pt\/#primaryimage"},"thumbnailUrl":"https:\/\/miguelestima.pt\/wp-content\/uploads\/2025\/11\/384105809_821625019967075_3811393372010891720_n-1.jpg","datePublished":"2025-11-04T23:19:00+00:00","dateModified":"2025-11-05T00:59:38+00:00","description":"Artista multidisciplinar de videomaping. Criador de varias instala\u00e7\u00f5es art\u00edsticas que fundem o videomapping com a identidade comunit\u00e1ria.","breadcrumb":{"@id":"https:\/\/miguelestima.pt\/#breadcrumb"},"inLanguage":"pt-PT","potentialAction":[{"@type":"ReadAction","target":["https:\/\/miguelestima.pt\/"]}]},{"@type":"ImageObject","inLanguage":"pt-PT","@id":"https:\/\/miguelestima.pt\/#primaryimage","url":"https:\/\/miguelestima.pt\/wp-content\/uploads\/2025\/11\/384105809_821625019967075_3811393372010891720_n-1.jpg","contentUrl":"https:\/\/miguelestima.pt\/wp-content\/uploads\/2025\/11\/384105809_821625019967075_3811393372010891720_n-1.jpg","width":2048,"height":1365,"caption":"Miguel Estima. Artista multidisciplinar de videomaping. Criador de varias instala\u00e7\u00f5es art\u00edsticas que fundem o videomapping com a identidade comunit\u00e1ria."},{"@type":"BreadcrumbList","@id":"https:\/\/miguelestima.pt\/#breadcrumb","itemListElement":[{"@type":"ListItem","position":1,"name":"In\u00edcio","item":"https:\/\/miguelestima.pt\/"},{"@type":"ListItem","position":2,"name":".::HOME::."}]},{"@type":"WebSite","@id":"https:\/\/miguelestima.pt\/#website","url":"https:\/\/miguelestima.pt\/","name":"Miguel Estima | Videomaping","description":"Instala\u00e7\u00f5es art\u00edsticas. ","potentialAction":[{"@type":"SearchAction","target":{"@type":"EntryPoint","urlTemplate":"https:\/\/miguelestima.pt\/?s={search_term_string}"},"query-input":{"@type":"PropertyValueSpecification","valueRequired":true,"valueName":"search_term_string"}}],"inLanguage":"pt-PT"}]}},"_links":{"self":[{"href":"https:\/\/miguelestima.pt\/index.php?rest_route=\/wp\/v2\/pages\/7","targetHints":{"allow":["GET"]}}],"collection":[{"href":"https:\/\/miguelestima.pt\/index.php?rest_route=\/wp\/v2\/pages"}],"about":[{"href":"https:\/\/miguelestima.pt\/index.php?rest_route=\/wp\/v2\/types\/page"}],"author":[{"embeddable":true,"href":"https:\/\/miguelestima.pt\/index.php?rest_route=\/wp\/v2\/users\/1"}],"replies":[{"embeddable":true,"href":"https:\/\/miguelestima.pt\/index.php?rest_route=%2Fwp%2Fv2%2Fcomments&post=7"}],"version-history":[{"count":19,"href":"https:\/\/miguelestima.pt\/index.php?rest_route=\/wp\/v2\/pages\/7\/revisions"}],"predecessor-version":[{"id":72,"href":"https:\/\/miguelestima.pt\/index.php?rest_route=\/wp\/v2\/pages\/7\/revisions\/72"}],"wp:attachment":[{"href":"https:\/\/miguelestima.pt\/index.php?rest_route=%2Fwp%2Fv2%2Fmedia&parent=7"}],"curies":[{"name":"wp","href":"https:\/\/api.w.org\/{rel}","templated":true}]}}